{"id":2225,"date":"2023-11-08T19:17:08","date_gmt":"2023-11-08T16:17:08","guid":{"rendered":"https:\/\/venustra-media.com\/model-olun\/"},"modified":"2024-09-14T11:57:54","modified_gmt":"2024-09-14T08:57:54","slug":"model-olun","status":"publish","type":"page","link":"https:\/\/venustra-media.com\/tr\/model-olun\/","title":{"rendered":"Model olun"},"content":{"rendered":"\t\t<div data-elementor-type=\"wp-page\" data-elementor-id=\"2225\" class=\"elementor elementor-2225 elementor-341\" data-elementor-post-type=\"page\">\n\t\t\t\t<div class=\"elementor-element elementor-element-882875d e-flex e-con-boxed e-con e-parent\" data-id=\"882875d\" data-element_type=\"container\" data-e-type=\"container\">\n\t\t\t\t\t<div class=\"e-con-inner\">\n\t\t\t\t<div class=\"elementor-element elementor-element-5f8c054 elementor-widget elementor-widget-heading\" data-id=\"5f8c054\" data-element_type=\"widget\" data-e-type=\"widget\" data-widget_type=\"heading.default\">\n\t\t\t\t<div class=\"elementor-widget-container\">\n\t\t\t\t\t<h1 class=\"elementor-heading-title elementor-size-default\">Model olun<\/h1>\t\t\t\t<\/div>\n\t\t\t\t<\/div>\n\t\t\t\t<div class=\"elementor-element elementor-element-007299b elementor-widget elementor-widget-text-editor\" data-id=\"007299b\" data-element_type=\"widget\" data-e-type=\"widget\" data-widget_type=\"text-editor.default\">\n\t\t\t\t<div class=\"elementor-widget-container\">\n\t\t\t\t\t\t\t\t\t<div class=\"flex flex-grow flex-col max-w-full\">\n<div class=\"min-h-[20px] text-message flex flex-col items-start gap-3 whitespace-pre-wrap break-words [.text-message+&amp;]:mt-5 overflow-x-auto\" data-message-author-role=\"assistant\" data-message-id=\"9e341e12-f613-430f-b365-bff120c88254\">\n<div class=\"markdown prose w-full break-words dark:prose-invert dark\">\n<div class=\"flex flex-grow flex-col max-w-full\">\n<div class=\"min-h-[20px] text-message flex flex-col items-start gap-3 whitespace-pre-wrap break-words [.text-message+&amp;]:mt-5 overflow-x-auto\" data-message-author-role=\"assistant\" data-message-id=\"e1776d7d-94f2-4e2c-84aa-9140a8860837\">\n<div class=\"markdown prose w-full break-words dark:prose-invert dark\">\n<p>Modellik kariyerine ad\u0131m atmak \u00f6zveri, disiplin ve yetenek gerektiren bir yolculuktur.<br \/>\nYerel reklam kampanyalar\u0131ndan New York, Paris, Milano, Londra ve Los Angeles gibi moda ba\u015fkentlerinin g\u00f6z al\u0131c\u0131 podyumlar\u0131na kadar, \u00e7al\u0131\u015fkan modeller kariyerlerini uluslararas\u0131 zirvelere ta\u015f\u0131yabilirler.<br \/>\nM\u00fctevaz\u0131 ba\u015flang\u0131\u00e7lardan Burberry, Versace, Dolce &amp; Gabbana ve Dior gibi l\u00fcks markalar i\u00e7in vitrine \u00e7\u0131kmaya uzanan bu yol, yeteneklerini kan\u0131tlamaya haz\u0131r olanlar i\u00e7in sonsuz f\u0131rsatlarla dolu bir d\u00fcnyan\u0131n kap\u0131lar\u0131n\u0131 a\u00e7\u0131yor.  <\/p>\n<p>Kariyerinizin ilk a\u015famalar\u0131 g\u00fc\u00e7l\u00fc bir portf\u00f6y olu\u015fturmaya, deneme \u00e7ekimlerine kat\u0131lmaya ve ilk modellik i\u015flerinizi g\u00fcvence alt\u0131na almaya odaklanacakt\u0131r.<br \/>\nSayg\u0131n modellik ajanslar\u0131 ve menajerlerle ili\u015fki kurmak, sekt\u00f6rde \u00f6nemli ba\u011flant\u0131lar edinmenin anahtar\u0131d\u0131r.<br \/>\nSe\u00e7meler, foto\u011fraf \u00e7ekimleri ve ajans toplant\u0131lar\u0131 i\u00e7in dakik ve g\u00fcvenilir olma konusundaki kararl\u0131l\u0131\u011f\u0131n\u0131z ba\u015far\u0131n\u0131z\u0131n temelini olu\u015fturur.  <\/p>\n<p>Azim ve s\u0131k\u0131 \u00e7al\u0131\u015fman\u0131n spot \u0131\u015f\u0131klar\u0131 alt\u0131nda tatmin edici bir kariyere giden biletiniz oldu\u011funu bilerek, modellik d\u00fcnyas\u0131n\u0131n geni\u015f olanaklar\u0131n\u0131n size ilham vermesine izin verin.<\/p>\n<div class=\"flex flex-grow flex-col max-w-full\">\n<div class=\"min-h-[20px] text-message flex flex-col items-start gap-3 whitespace-pre-wrap break-words [.text-message+&amp;]:mt-5 overflow-x-auto\" data-message-author-role=\"assistant\" data-message-id=\"cfe736f5-4b3b-4908-bf15-cb47e2778cca\">\n<div class=\"markdown prose w-full break-words dark:prose-invert dark\">\n<p>Modellik sekt\u00f6r\u00fc g\u00f6z al\u0131c\u0131 yerlere ve prestijli podyumlara giden bir yol sunarken, bu yolculu\u011fa ger\u00e7ek\u00e7i beklentilerle yakla\u015fmak \u00e7ok \u00f6nemlidir.<br \/>\nHer hevesli model New York veya Paris&#8217;in parlak \u0131\u015f\u0131klar\u0131na giden yolu bulamayacakt\u0131r; bu alanda ba\u015far\u0131 yetenek, s\u0131k\u0131 \u00e7al\u0131\u015fma ve bazen de tesad\u00fcflerin bir kar\u0131\u015f\u0131m\u0131d\u0131r.<br \/>\nK\u00fc\u00e7\u00fckten ba\u015flamak sadece bir olas\u0131l\u0131k de\u011fil, sekt\u00f6rdeki \u00e7o\u011fu ki\u015fi i\u00e7in olas\u0131 bir basamakt\u0131r.  <\/p>\n<p>Bir sonraki b\u00f6l\u00fcmde, hevesli modeller i\u00e7in gerekli \u00f6n ko\u015fullar ele al\u0131nacakt\u0131r.<br \/>\nBu gereklilikleri anlamak, ula\u015f\u0131labilir hedefler belirlemenin ve her zaman uluslararas\u0131 y\u0131ld\u0131zl\u0131\u011fa g\u00f6t\u00fcrmese de modellik d\u00fcnyas\u0131nda \u00f6d\u00fcllendirici ve ba\u015far\u0131l\u0131 bir kariyer sunabilecek bir yol \u00e7izmenin anahtar\u0131d\u0131r. <\/p>\n<\/div>\n<\/div>\n<\/div>\n<\/div>\n<\/div>\n<\/div>\n<\/div>\n<\/div>\n<\/div>\n\t\t\t\t\t\t\t\t<\/div>\n\t\t\t\t<\/div>\n\t\t\t\t<div class=\"elementor-element elementor-element-3aaa6eb elementor-widget elementor-widget-text-editor\" data-id=\"3aaa6eb\" data-element_type=\"widget\" data-e-type=\"widget\" data-widget_type=\"text-editor.default\">\n\t\t\t\t<div class=\"elementor-widget-container\">\n\t\t\t\t\t\t\t\t\t<h2>Bir model i\u00e7in gerekenler<\/h2>\n<p>Cazibesi ve kat\u0131 kriterleriyle tan\u0131nan modellik sekt\u00f6r\u00fc, belirli bir dizi gereksinimi kar\u015f\u0131layan bireyler arar.<br \/>\nBu standartlar, y\u00fcksek modaya kar\u015f\u0131 ticari modellik gibi ni\u015flere g\u00f6re de\u011fi\u015fir, ancak baz\u0131 temel nitelikler genellikle aran\u0131r. <\/p>\n<h3>Ya\u015f<\/h3>\n<p>Tipik olarak, y\u00fcksek moda modelli\u011finde kariyere ba\u015flama ya\u015f aral\u0131\u011f\u0131 16 ile 22 aras\u0131ndad\u0131r.<br \/>\nTicari modellik daha fazla esneklik sunarak kariyerlerine 30&#8217;lu ya\u015flar\u0131nda ve sonras\u0131nda ba\u015flayan bireyleri a\u011f\u0131rlar. <\/p>\n<h3>\u00d6l\u00e7\u00fcmler<\/h3>\n<p>Moda modelleri i\u00e7in end\u00fcstri genellikle g\u00f6\u011f\u00fcs-bel-kal\u00e7a \u00f6l\u00e7\u00fcleri 34-24-34 in\u00e7 (86-61-86 cm) civar\u0131nda olan ve boylar\u0131 5&#8217;8&#8243; ile 5&#8217;11&#8221; (173-180 cm) aras\u0131nda de\u011fi\u015fen kad\u0131nlar arar.<br \/>\nErkek mankenlerin genellikle iyi orant\u0131l\u0131 bir fizi\u011fe sahip olarak 1.80 ile 1.80 (183-188 cm) aras\u0131nda olmas\u0131 beklenir.<br \/>\nTicari modeller, v\u00fccut tiplerinin daha geni\u015f bir kabul g\u00f6rmesinden yararlanmakta ve daha \u00e7e\u015fitli \u00f6l\u00e7\u00fcleri bar\u0131nd\u0131rmaktad\u0131r.  <\/p>\n<h3>Fiziksel Durum<\/h3>\n<p>Modeller fiziksel olarak en iyi durumda olmal\u0131, sa\u011fl\u0131kl\u0131 bir cilde, sa\u00e7a ve di\u015flere sahip olmal\u0131d\u0131r.<br \/>\nBu gereklilik, tek bir v\u00fccut tipine veya beden \u00f6l\u00e7\u00fcs\u00fcne ba\u011fl\u0131 kalmak yerine zindeli\u011fi ve sa\u011fl\u0131\u011f\u0131 vurgulamaktad\u0131r. <\/p>\n<h3>Karakter \u00d6zellikleri<\/h3>\n<p>&#8211; <strong>Profesyonellik<\/strong>: Temel \u00f6zellikler aras\u0131nda dakiklik, g\u00fcvenilirlik ve kararl\u0131 bir i\u015f ahlak\u0131 yer al\u0131r.<br \/>&#8211; <strong>Esneklik<\/strong>: \u00d6zg\u00fcven ve motivasyonu korurken s\u0131k s\u0131k reddedilmeyle y\u00fczle\u015febilme becerisi kritik \u00f6nem ta\u015f\u0131r.<br \/>&#8211; <strong>Uyarlanabilirlik<\/strong>: Bu i\u015f genellikle \u00e7e\u015fitli ortamlarda \u00e7al\u0131\u015fmay\u0131 ve farkl\u0131 ekiplere, tarzlara ve proje taleplerine h\u0131zla uyum sa\u011flamay\u0131 gerektirir.<br \/>&#8211; <strong>\u0130leti\u015fim Becerileri<\/strong>: Tasar\u0131mc\u0131lar\u0131n ve foto\u011fraf\u00e7\u0131lar\u0131n vizyonlar\u0131n\u0131 etkili bir \u015fekilde anlamak ve uygulamak \u00e7ok \u00f6nemlidir.<\/p>\n<h3>Benzersiz Nitelikler<\/h3>\n<p>Bir modelin ay\u0131rt edici \u00f6zellikleri veya ki\u015fili\u011fi, rekabet\u00e7i bir pazarda onu di\u011ferlerinden ay\u0131ran \u00f6nemli bir varl\u0131k olabilir.<br \/>\nSekt\u00f6r, geleneksel \u00f6l\u00e7\u00fcmlerin yan\u0131 s\u0131ra \u00e7e\u015fitlili\u011fe ve benzersiz \u00f6zelliklere de giderek daha fazla de\u011fer vermektedir. <\/p>\n<h3>E\u011fitim ve Beceriler<\/h3>\n<p>\u00d6rg\u00fcn e\u011fitim kesinlikle gerekli de\u011fildir, ancak moda, foto\u011fraf\u00e7\u0131l\u0131k ve bak\u0131m konusunda bir ge\u00e7mi\u015fin yan\u0131 s\u0131ra y\u00fcksek topuk y\u00fcr\u00fcy\u00fc\u015fleri veya poz verme tekniklerinde ustala\u015fmak gibi beceriler bir modelin kariyer beklentilerini \u00f6nemli \u00f6l\u00e7\u00fcde art\u0131rabilir.<\/p>\n<p>Modellikte ba\u015far\u0131 sadece fiziksel \u00f6zelliklere de\u011fil, ayn\u0131 zamanda ki\u015finin adanm\u0131\u015fl\u0131\u011f\u0131na, tutumuna ve sekt\u00f6r\u00fcn zorluklar\u0131n\u0131n \u00fcstesinden gelme becerisine de ba\u011fl\u0131d\u0131r.<br \/>\nTan\u0131n\u0131rl\u0131k elde etmek, fiziksel standartlar\u0131 kar\u015f\u0131laman\u0131n ve s\u00fcrekli ki\u015fisel ve profesyonel geli\u015fimin bir kar\u0131\u015f\u0131m\u0131n\u0131 gerektirir. <\/p>\n\t\t\t\t\t\t\t\t<\/div>\n\t\t\t\t<\/div>\n\t\t\t\t<div class=\"elementor-element elementor-element-0492d06 elementor-widget elementor-widget-text-editor\" data-id=\"0492d06\" data-element_type=\"widget\" data-e-type=\"widget\" data-widget_type=\"text-editor.default\">\n\t\t\t\t<div class=\"elementor-widget-container\">\n\t\t\t\t\t\t\t\t\t<div class=\"flex flex-grow flex-col max-w-full\">\n<div class=\"min-h-[20px] text-message flex flex-col items-start gap-3 whitespace-pre-wrap break-words [.text-message+&amp;]:mt-5 overflow-x-auto\" data-message-author-role=\"assistant\" data-message-id=\"5f757fd5-717d-4589-bd77-0ef987d9df67\">\n<div class=\"markdown prose w-full break-words dark:prose-invert dark\">\n<h2>Modeller i\u00e7in teknik terimler<\/h2>\n<p>Modellik d\u00fcnyas\u0131nda, sekt\u00f6r\u00fcn kendine \u00f6zg\u00fc dilini anlamak, hem hevesli hem de profesyonel modeller i\u00e7in \u00e7ok \u00f6nemlidir.<br \/>\n&#8220;Modeller i\u00e7in teknik terimler&#8221; konusuna girmeden \u00f6nce, bu terimlerin neden \u00f6nemli oldu\u011funu kavramak \u00f6nemlidir.<br \/>\nBu terimler yaln\u0131zca modeller, ajanslar ve m\u00fc\u015fteriler aras\u0131nda net bir ileti\u015fim kurulmas\u0131n\u0131 kolayla\u015ft\u0131rmakla kalmaz, ayn\u0131 zamanda casting \u00e7a\u011fr\u0131lar\u0131ndan foto\u011fraf \u00e7ekimlerine kadar bir projeye dahil olan herkesin ayn\u0131 sayfada olmas\u0131n\u0131 sa\u011flar.<br \/>\nBu temel bilgiler, modellerin kariyerlerini daha etkili bir \u015fekilde y\u00f6nlendirmelerini sa\u011flayacak, profesyonelliklerini ve dinamik ve h\u0131zl\u0131 tempolu moda end\u00fcstrisinde i\u015fbirli\u011fi yapma becerilerini art\u0131racakt\u0131r.   <\/p>\n<\/div>\n<\/div>\n<\/div>\n\t\t\t\t\t\t\t\t<\/div>\n\t\t\t\t<\/div>\n\t\t\t\t<div class=\"elementor-element elementor-element-68152ba elementor-posts--align-center elementor-grid-3 elementor-grid-tablet-2 elementor-grid-mobile-1 elementor-posts--thumbnail-top elementor-widget elementor-widget-posts\" data-id=\"68152ba\" data-element_type=\"widget\" data-e-type=\"widget\" data-settings=\"{&quot;classic_columns&quot;:&quot;3&quot;,&quot;classic_columns_tablet&quot;:&quot;2&quot;,&quot;classic_columns_mobile&quot;:&quot;1&quot;,&quot;classic_row_gap&quot;:{&quot;unit&quot;:&quot;px&quot;,&quot;size&quot;:35,&quot;sizes&quot;:[]},&quot;classic_row_gap_laptop&quot;:{&quot;unit&quot;:&quot;px&quot;,&quot;size&quot;:&quot;&quot;,&quot;sizes&quot;:[]},&quot;classic_row_gap_tablet&quot;:{&quot;unit&quot;:&quot;px&quot;,&quot;size&quot;:&quot;&quot;,&quot;sizes&quot;:[]},&quot;classic_row_gap_mobile&quot;:{&quot;unit&quot;:&quot;px&quot;,&quot;size&quot;:&quot;&quot;,&quot;sizes&quot;:[]}}\" data-widget_type=\"posts.classic\">\n\t\t\t\t<div class=\"elementor-widget-container\">\n\t\t\t\t\t\t\t<div class=\"elementor-posts-container elementor-posts elementor-posts--skin-classic elementor-grid\" role=\"list\">\n\t\t\t\t<article class=\"elementor-post elementor-grid-item post-960 terms-for-models type-terms-for-models status-publish hentry\" role=\"listitem\">\n\t\t\t\t<div class=\"elementor-post__text\">\n\t\t\t\t<h3 class=\"elementor-post__title\">\n\t\t\t<a href=\"https:\/\/venustra-media.com\/tr\/terms-for-models\/casting\/\" >\n\t\t\t\tCasting\t\t\t<\/a>\n\t\t<\/h3>\n\t\t\t\t<\/div>\n\t\t\t\t<\/article>\n\t\t\t\t<article class=\"elementor-post elementor-grid-item post-978 terms-for-models type-terms-for-models status-publish hentry\" role=\"listitem\">\n\t\t\t\t<div class=\"elementor-post__text\">\n\t\t\t\t<h3 class=\"elementor-post__title\">\n\t\t\t<a href=\"https:\/\/venustra-media.com\/tr\/terms-for-models\/close-up\/\" >\n\t\t\t\tClose-up\t\t\t<\/a>\n\t\t<\/h3>\n\t\t\t\t<\/div>\n\t\t\t\t<\/article>\n\t\t\t\t<article class=\"elementor-post elementor-grid-item post-1057 terms-for-models type-terms-for-models status-publish hentry\" role=\"listitem\">\n\t\t\t\t<div class=\"elementor-post__text\">\n\t\t\t\t<h3 class=\"elementor-post__title\">\n\t\t\t<a href=\"https:\/\/venustra-media.com\/tr\/terms-for-models\/designers-showroom\/\" >\n\t\t\t\tDesigners Showroom\t\t\t<\/a>\n\t\t<\/h3>\n\t\t\t\t<\/div>\n\t\t\t\t<\/article>\n\t\t\t\t<article class=\"elementor-post elementor-grid-item post-984 terms-for-models type-terms-for-models status-publish hentry\" role=\"listitem\">\n\t\t\t\t<div class=\"elementor-post__text\">\n\t\t\t\t<h3 class=\"elementor-post__title\">\n\t\t\t<a href=\"https:\/\/venustra-media.com\/tr\/terms-for-models\/direct-booking\/\" >\n\t\t\t\tDirect Booking\t\t\t<\/a>\n\t\t<\/h3>\n\t\t\t\t<\/div>\n\t\t\t\t<\/article>\n\t\t\t\t<article class=\"elementor-post elementor-grid-item post-985 terms-for-models type-terms-for-models status-publish hentry\" role=\"listitem\">\n\t\t\t\t<div class=\"elementor-post__text\">\n\t\t\t\t<h3 class=\"elementor-post__title\">\n\t\t\t<a href=\"https:\/\/venustra-media.com\/tr\/terms-for-models\/disposition\/\" >\n\t\t\t\tDisposition\t\t\t<\/a>\n\t\t<\/h3>\n\t\t\t\t<\/div>\n\t\t\t\t<\/article>\n\t\t\t\t<article class=\"elementor-post elementor-grid-item post-987 terms-for-models type-terms-for-models status-publish hentry\" role=\"listitem\">\n\t\t\t\t<div class=\"elementor-post__text\">\n\t\t\t\t<h3 class=\"elementor-post__title\">\n\t\t\t<a href=\"https:\/\/venustra-media.com\/tr\/terms-for-models\/fee\/\" >\n\t\t\t\tFee\t\t\t<\/a>\n\t\t<\/h3>\n\t\t\t\t<\/div>\n\t\t\t\t<\/article>\n\t\t\t\t<article class=\"elementor-post elementor-grid-item post-986 terms-for-models type-terms-for-models status-publish hentry\" role=\"listitem\">\n\t\t\t\t<div class=\"elementor-post__text\">\n\t\t\t\t<h3 class=\"elementor-post__title\">\n\t\t\t<a href=\"https:\/\/venustra-media.com\/tr\/terms-for-models\/go-see\/\" >\n\t\t\t\tGo &#038; see\t\t\t<\/a>\n\t\t<\/h3>\n\t\t\t\t<\/div>\n\t\t\t\t<\/article>\n\t\t\t\t<article class=\"elementor-post elementor-grid-item post-1046 terms-for-models type-terms-for-models status-publish hentry\" role=\"listitem\">\n\t\t\t\t<div class=\"elementor-post__text\">\n\t\t\t\t<h3 class=\"elementor-post__title\">\n\t\t\t<a href=\"https:\/\/venustra-media.com\/tr\/terms-for-models\/index\/\" >\n\t\t\t\tIndex\t\t\t<\/a>\n\t\t<\/h3>\n\t\t\t\t<\/div>\n\t\t\t\t<\/article>\n\t\t\t\t<article class=\"elementor-post elementor-grid-item post-988 terms-for-models type-terms-for-models status-publish hentry\" role=\"listitem\">\n\t\t\t\t<div class=\"elementor-post__text\">\n\t\t\t\t<h3 class=\"elementor-post__title\">\n\t\t\t<a href=\"https:\/\/venustra-media.com\/tr\/terms-for-models\/introduction-video\/\" >\n\t\t\t\tIntroduction Video\t\t\t<\/a>\n\t\t<\/h3>\n\t\t\t\t<\/div>\n\t\t\t\t<\/article>\n\t\t\t\t<article class=\"elementor-post elementor-grid-item post-1048 terms-for-models type-terms-for-models status-publish hentry\" role=\"listitem\">\n\t\t\t\t<div class=\"elementor-post__text\">\n\t\t\t\t<h3 class=\"elementor-post__title\">\n\t\t\t<a href=\"https:\/\/venustra-media.com\/tr\/terms-for-models\/location\/\" >\n\t\t\t\tLocation\t\t\t<\/a>\n\t\t<\/h3>\n\t\t\t\t<\/div>\n\t\t\t\t<\/article>\n\t\t\t\t<article class=\"elementor-post elementor-grid-item post-1049 terms-for-models type-terms-for-models status-publish hentry\" role=\"listitem\">\n\t\t\t\t<div class=\"elementor-post__text\">\n\t\t\t\t<h3 class=\"elementor-post__title\">\n\t\t\t<a href=\"https:\/\/venustra-media.com\/tr\/terms-for-models\/look-book\/\" >\n\t\t\t\tLook-Book\t\t\t<\/a>\n\t\t<\/h3>\n\t\t\t\t<\/div>\n\t\t\t\t<\/article>\n\t\t\t\t<article class=\"elementor-post elementor-grid-item post-1052 terms-for-models type-terms-for-models status-publish hentry\" role=\"listitem\">\n\t\t\t\t<div class=\"elementor-post__text\">\n\t\t\t\t<h3 class=\"elementor-post__title\">\n\t\t\t<a href=\"https:\/\/venustra-media.com\/tr\/terms-for-models\/model-book-portfolio\/\" >\n\t\t\t\tModel Book \/ Portfolio\t\t\t<\/a>\n\t\t<\/h3>\n\t\t\t\t<\/div>\n\t\t\t\t<\/article>\n\t\t\t\t<article class=\"elementor-post elementor-grid-item post-1055 terms-for-models type-terms-for-models status-publish hentry\" role=\"listitem\">\n\t\t\t\t<div class=\"elementor-post__text\">\n\t\t\t\t<h3 class=\"elementor-post__title\">\n\t\t\t<a href=\"https:\/\/venustra-media.com\/tr\/terms-for-models\/model-scouts\/\" >\n\t\t\t\tModel Scouts\t\t\t<\/a>\n\t\t<\/h3>\n\t\t\t\t<\/div>\n\t\t\t\t<\/article>\n\t\t\t\t<article class=\"elementor-post elementor-grid-item post-1050 terms-for-models type-terms-for-models status-publish hentry\" role=\"listitem\">\n\t\t\t\t<div class=\"elementor-post__text\">\n\t\t\t\t<h3 class=\"elementor-post__title\">\n\t\t\t<a href=\"https:\/\/venustra-media.com\/tr\/terms-for-models\/new-faces-newcomer\/\" >\n\t\t\t\tNew Faces \/ Newcomer\t\t\t<\/a>\n\t\t<\/h3>\n\t\t\t\t<\/div>\n\t\t\t\t<\/article>\n\t\t\t\t<article class=\"elementor-post elementor-grid-item post-1051 terms-for-models type-terms-for-models status-publish hentry\" role=\"listitem\">\n\t\t\t\t<div class=\"elementor-post__text\">\n\t\t\t\t<h3 class=\"elementor-post__title\">\n\t\t\t<a href=\"https:\/\/venustra-media.com\/tr\/terms-for-models\/plus-size-models-curvy-models\/\" >\n\t\t\t\tPlus Size Models, Curvy Models\t\t\t<\/a>\n\t\t<\/h3>\n\t\t\t\t<\/div>\n\t\t\t\t<\/article>\n\t\t\t\t<article class=\"elementor-post elementor-grid-item post-1053 terms-for-models type-terms-for-models status-publish hentry\" role=\"listitem\">\n\t\t\t\t<div class=\"elementor-post__text\">\n\t\t\t\t<h3 class=\"elementor-post__title\">\n\t\t\t<a href=\"https:\/\/venustra-media.com\/tr\/terms-for-models\/point-of-sale-pos\/\" >\n\t\t\t\tPoint Of Sale (POS)\t\t\t<\/a>\n\t\t<\/h3>\n\t\t\t\t<\/div>\n\t\t\t\t<\/article>\n\t\t\t\t<article class=\"elementor-post elementor-grid-item post-1054 terms-for-models type-terms-for-models status-publish hentry\" role=\"listitem\">\n\t\t\t\t<div class=\"elementor-post__text\">\n\t\t\t\t<h3 class=\"elementor-post__title\">\n\t\t\t<a href=\"https:\/\/venustra-media.com\/tr\/terms-for-models\/post-production-meeting-ppm\/\" >\n\t\t\t\tPost Production Meeting (PPM)\t\t\t<\/a>\n\t\t<\/h3>\n\t\t\t\t<\/div>\n\t\t\t\t<\/article>\n\t\t\t\t<article class=\"elementor-post elementor-grid-item post-1056 terms-for-models type-terms-for-models status-publish hentry\" role=\"listitem\">\n\t\t\t\t<div class=\"elementor-post__text\">\n\t\t\t\t<h3 class=\"elementor-post__title\">\n\t\t\t<a href=\"https:\/\/venustra-media.com\/tr\/terms-for-models\/sedcard\/\" >\n\t\t\t\tSedcard\t\t\t<\/a>\n\t\t<\/h3>\n\t\t\t\t<\/div>\n\t\t\t\t<\/article>\n\t\t\t\t<article class=\"elementor-post elementor-grid-item post-1058 terms-for-models type-terms-for-models status-publish hentry\" role=\"listitem\">\n\t\t\t\t<div class=\"elementor-post__text\">\n\t\t\t\t<h3 class=\"elementor-post__title\">\n\t\t\t<a href=\"https:\/\/venustra-media.com\/tr\/terms-for-models\/stylist\/\" >\n\t\t\t\tStylist\t\t\t<\/a>\n\t\t<\/h3>\n\t\t\t\t<\/div>\n\t\t\t\t<\/article>\n\t\t\t\t<article class=\"elementor-post elementor-grid-item post-1059 terms-for-models type-terms-for-models status-publish hentry\" role=\"listitem\">\n\t\t\t\t<div class=\"elementor-post__text\">\n\t\t\t\t<h3 class=\"elementor-post__title\">\n\t\t\t<a href=\"https:\/\/venustra-media.com\/tr\/terms-for-models\/test-shooting\/\" >\n\t\t\t\tTest Shooting\t\t\t<\/a>\n\t\t<\/h3>\n\t\t\t\t<\/div>\n\t\t\t\t<\/article>\n\t\t\t\t<\/div>\n\t\t\n\t\t\t\t\t\t<\/div>\n\t\t\t\t<\/div>\n\t\t\t\t<div class=\"elementor-element elementor-element-d45f6bb elementor-widget elementor-widget-text-editor\" data-id=\"d45f6bb\" data-element_type=\"widget\" data-e-type=\"widget\" data-widget_type=\"text-editor.default\">\n\t\t\t\t<div class=\"elementor-widget-container\">\n\t\t\t\t\t\t\t\t\t<div class=\"flex-col gap-1 md:gap-3\">\n<div class=\"flex flex-grow flex-col max-w-full\">\n<div class=\"min-h-[20px] text-message flex flex-col items-start gap-3 whitespace-pre-wrap break-words [.text-message+&amp;]:mt-5 overflow-x-auto\" data-message-author-role=\"assistant\" data-message-id=\"93794347-9880-48d6-8b27-d9ac933e2fca\">\n<div class=\"markdown prose w-full break-words dark:prose-invert dark\">\n<h2>Model olarak kaydolun<\/h2>\n<p>Venustra Media olarak, bir modelin yolculu\u011funun tek bir ad\u0131mla ba\u015flad\u0131\u011f\u0131n\u0131 biliyoruz.<br \/>\nBu nedenle, hevesli yetenekleri kariyerlerine bizimle birlikte &#8220;Yeni Y\u00fcz&#8221; olarak ba\u015flamaya davet etmekten heyecan duyuyoruz.<br \/>\nBu f\u0131rsat, modellik d\u00fcnyas\u0131na ad\u0131m atmaya ve potansiyellerini ke\u015ffetmeye haz\u0131r olanlar i\u00e7in m\u00fckemmeldir.  <\/p>\n<p>Bu heyecan verici yolculu\u011fa \u00e7\u0131kmak i\u00e7in ilk ad\u0131m platformumuza model olarak kaydolmakt\u0131r.<br \/>\nProfilinizi tamamlamak \u00e7ok \u00f6nemlidir; bu sizin benzersiz niteliklerinizi, \u00f6l\u00e7\u00fclerinizi ve isteklerinizi sergileme \u015fans\u0131n\u0131zd\u0131r.<br \/>\nBu bilgiler modellik portf\u00f6y\u00fcn\u00fcz\u00fcn temelini olu\u015fturacak ve sizi do\u011fru f\u0131rsatlarla e\u015fle\u015ftirmemizi sa\u011flayacakt\u0131r.  <\/p>\n<p>Kay\u0131t i\u015fleminin ard\u0131ndan sizi bir deneme \u00e7ekimine kat\u0131lmaya davet ediyoruz.<br \/>\nBu ilk foto\u011fraf seans\u0131, modellik ortam\u0131na bir bak\u0131\u015f sunan ve size \u00e7ok y\u00f6nl\u00fcl\u00fc\u011f\u00fcn\u00fcz\u00fc ve g\u00fc\u00e7l\u00fc y\u00f6nlerinizi vurgulayan profesyonel \u00e7ekimler sa\u011flayan paha bi\u00e7ilmez bir deneyimdir. <\/p>\n<p>&#8220;Yeni Bir Y\u00fcz&#8221; olarak ba\u015flamak daha k\u00fc\u00e7\u00fck bir \u00f6l\u00e7ekte ba\u015flamak anlam\u0131na gelse de, say\u0131s\u0131z olas\u0131l\u0131\u011fa kap\u0131 a\u00e7ar.<br \/>\n\u00d6zveri ve do\u011fru maruz kalma ile gelecekteki i\u015f f\u0131rsatlar\u0131 ortaya \u00e7\u0131kabilir ve potansiyel olarak kariyerinizi heyecan verici yeni y\u00f6nlere do\u011fru ba\u015flatabilir.<br \/>\nVenustra Media olarak, yeni yetenekleri yeti\u015ftirmeye ve modellik sekt\u00f6r\u00fcnde b\u00fcy\u00fcme ve ke\u015fif i\u00e7in bir platform sa\u011flamaya kararl\u0131y\u0131z.  <\/p>\n<\/div>\n<\/div>\n<\/div>\n<\/div>\n\t\t\t\t\t\t\t\t<\/div>\n\t\t\t\t<\/div>\n\t\t\t\t<div class=\"elementor-element elementor-element-f8596ad elementor-align-center elementor-widget elementor-widget-button\" data-id=\"f8596ad\" data-element_type=\"widget\" data-e-type=\"widget\" data-widget_type=\"button.default\">\n\t\t\t\t<div class=\"elementor-widget-container\">\n\t\t\t\t\t\t\t\t\t<div class=\"elementor-button-wrapper\">\n\t\t\t\t\t<a class=\"elementor-button elementor-button-link elementor-size-xl\" href=\"https:\/\/venustra-media.com\/tr\/model-kaydi\/\">\n\t\t\t\t\t\t<span class=\"elementor-button-content-wrapper\">\n\t\t\t\t\t\t\t\t\t<span class=\"elementor-button-text\">Model olarak kaydolun<\/span>\n\t\t\t\t\t<\/span>\n\t\t\t\t\t<\/a>\n\t\t\t\t<\/div>\n\t\t\t\t\t\t\t\t<\/div>\n\t\t\t\t<\/div>\n\t\t\t\t\t<\/div>\n\t\t\t\t<\/div>\n\t\t<div class=\"elementor-element elementor-element-50ea2de e-flex e-con-boxed e-con e-parent\" data-id=\"50ea2de\" data-element_type=\"container\" data-e-type=\"container\">\n\t\t\t\t\t<div class=\"e-con-inner\">\n\t\t\t\t<div class=\"elementor-element elementor-element-fd5c52b elementor-widget elementor-widget-heading\" data-id=\"fd5c52b\" data-element_type=\"widget\" data-e-type=\"widget\" data-widget_type=\"heading.default\">\n\t\t\t\t<div class=\"elementor-widget-container\">\n\t\t\t\t\t<h2 class=\"elementor-heading-title elementor-size-default\">Hala sorular\u0131n\u0131z m\u0131 var?<\/h2>\t\t\t\t<\/div>\n\t\t\t\t<\/div>\n\t\t\t\t<div class=\"elementor-element elementor-element-86a90f5 elementor-widget elementor-widget-text-editor\" data-id=\"86a90f5\" data-element_type=\"widget\" data-e-type=\"widget\" data-widget_type=\"text-editor.default\">\n\t\t\t\t<div class=\"elementor-widget-container\">\n\t\t\t\t\t\t\t\t\t<p>Sorular\u0131n\u0131z i\u00e7in size yard\u0131mc\u0131 olmaktan mutluluk duyar\u0131z.<br \/>\n\u0130leti\u015fim sayfam\u0131zdan veya do\u011frudan WhatsApp \u00fczerinden bizimle ileti\u015fime ge\u00e7mekten \u00e7ekinmeyin. <\/p>\n\t\t\t\t\t\t\t\t<\/div>\n\t\t\t\t<\/div>\n\t\t\t\t<div class=\"elementor-element elementor-element-04bd68d elementor-widget elementor-widget-custom-whatsapp-chat-widget-from-jetengine-option\" data-id=\"04bd68d\" data-element_type=\"widget\" data-e-type=\"widget\" data-widget_type=\"custom-whatsapp-chat-widget-from-jetengine-option.default\">\n\t\t\t\t<div class=\"elementor-widget-container\">\n\t\t\t\t\t<a aria-label=\"WhatsApp\" href=\"https:\/\/wa.me\/905316391648\" class=\"whatsapp-me-button\" target=\"_blank\" style=\"display:inline-block; height:48px;\" ta rel=\"noopener\"><img src='https:\/\/venustra-media.com\/wp-content\/themes\/venustramedia\/assets\/img\/WhatsAppButtonGreenLarge.png' alt='WhatsApp'ta yaz' style='height:100%;'><\/a>\t\t\t\t<\/div>\n\t\t\t\t<\/div>\n\t\t\t\t\t<\/div>\n\t\t\t\t<\/div>\n\t\t\t\t<\/div>\n\t\t","protected":false},"excerpt":{"rendered":"<p>Model olun Modellik kariyerine ad\u0131m atmak \u00f6zveri, disiplin ve yetenek gerektiren bir yolculuktur. Yerel reklam kampanyalar\u0131ndan New York, Paris, Milano, Londra ve Los Angeles gibi<\/p>\n","protected":false},"author":1,"featured_media":0,"parent":0,"menu_order":0,"comment_status":"closed","ping_status":"closed","template":"","meta":{"footnotes":""},"class_list":["post-2225","page","type-page","status-publish","hentry"],"_links":{"self":[{"href":"https:\/\/venustra-media.com\/tr\/wp-json\/wp\/v2\/pages\/2225","targetHints":{"allow":["GET"]}}],"collection":[{"href":"https:\/\/venustra-media.com\/tr\/wp-json\/wp\/v2\/pages"}],"about":[{"href":"https:\/\/venustra-media.com\/tr\/wp-json\/wp\/v2\/types\/page"}],"author":[{"embeddable":true,"href":"https:\/\/venustra-media.com\/tr\/wp-json\/wp\/v2\/users\/1"}],"replies":[{"embeddable":true,"href":"https:\/\/venustra-media.com\/tr\/wp-json\/wp\/v2\/comments?post=2225"}],"version-history":[{"count":1,"href":"https:\/\/venustra-media.com\/tr\/wp-json\/wp\/v2\/pages\/2225\/revisions"}],"predecessor-version":[{"id":2226,"href":"https:\/\/venustra-media.com\/tr\/wp-json\/wp\/v2\/pages\/2225\/revisions\/2226"}],"wp:attachment":[{"href":"https:\/\/venustra-media.com\/tr\/wp-json\/wp\/v2\/media?parent=2225"}],"curies":[{"name":"wp","href":"https:\/\/api.w.org\/{rel}","templated":true}]}}