{"id":2218,"date":"2023-11-08T19:17:08","date_gmt":"2023-11-08T16:17:08","guid":{"rendered":"https:\/\/venustra-media.com\/werden-sie-ein-model\/"},"modified":"2024-09-14T11:57:50","modified_gmt":"2024-09-14T08:57:50","slug":"werden-sie-ein-model","status":"publish","type":"page","link":"https:\/\/venustra-media.com\/de\/werden-sie-ein-model\/","title":{"rendered":"Werden Sie ein Model"},"content":{"rendered":"\t\t<div data-elementor-type=\"wp-page\" data-elementor-id=\"2218\" class=\"elementor elementor-2218 elementor-341\" data-elementor-post-type=\"page\">\n\t\t\t\t<div class=\"elementor-element elementor-element-882875d e-flex e-con-boxed e-con e-parent\" data-id=\"882875d\" data-element_type=\"container\" data-e-type=\"container\">\n\t\t\t\t\t<div class=\"e-con-inner\">\n\t\t\t\t<div class=\"elementor-element elementor-element-5f8c054 elementor-widget elementor-widget-heading\" data-id=\"5f8c054\" data-element_type=\"widget\" data-e-type=\"widget\" data-widget_type=\"heading.default\">\n\t\t\t\t<div class=\"elementor-widget-container\">\n\t\t\t\t\t<h1 class=\"elementor-heading-title elementor-size-default\">Werden Sie ein Model<\/h1>\t\t\t\t<\/div>\n\t\t\t\t<\/div>\n\t\t\t\t<div class=\"elementor-element elementor-element-007299b elementor-widget elementor-widget-text-editor\" data-id=\"007299b\" data-element_type=\"widget\" data-e-type=\"widget\" data-widget_type=\"text-editor.default\">\n\t\t\t\t<div class=\"elementor-widget-container\">\n\t\t\t\t\t\t\t\t\t<div class=\"flex flex-grow flex-col max-w-full\">\n<div class=\"min-h-[20px] text-message flex flex-col items-start gap-3 whitespace-pre-wrap break-words [.text-message+&amp;]:mt-5 overflow-x-auto\" data-message-author-role=\"assistant\" data-message-id=\"9e341e12-f613-430f-b365-bff120c88254\">\n<div class=\"markdown prose w-full break-words dark:prose-invert dark\">\n<div class=\"flex flex-grow flex-col max-w-full\">\n<div class=\"min-h-[20px] text-message flex flex-col items-start gap-3 whitespace-pre-wrap break-words [.text-message+&amp;]:mt-5 overflow-x-auto\" data-message-author-role=\"assistant\" data-message-id=\"e1776d7d-94f2-4e2c-84aa-9140a8860837\">\n<div class=\"markdown prose w-full break-words dark:prose-invert dark\">\n<p>Der Beginn einer Modelkarriere ist eine Reise voller Hingabe, Disziplin und Talent.<br \/>\nVon lokalen Werbekampagnen bis hin zu den glamour\u00f6sen Laufstegen von Modemetropolen wie New York, Paris, Mailand, London und Los Angeles k\u00f6nnen flei\u00dfige Models ihre Karrieren zu internationalen H\u00f6henfl\u00fcgen f\u00fchren.<br \/>\nDieser Weg von den bescheidenen Anf\u00e4ngen bis hin zu Auftritten f\u00fcr Luxusmarken wie Burberry, Versace, Dolce &amp; Gabbana und Dior er\u00f6ffnet denjenigen, die bereit sind, ihr K\u00f6nnen unter Beweis zu stellen, eine Welt der unbegrenzten M\u00f6glichkeiten.  <\/p>\n<p>In der Anfangsphase Ihrer Karriere konzentrieren Sie sich auf den Aufbau eines starken Portfolios, die Teilnahme an Testshootings und die Sicherung Ihrer ersten Modeljobs.<br \/>\nDer Aufbau von Beziehungen zu angesehenen Modelagenturen und Managern ist der Schl\u00fcssel zu wichtigen Branchenkontakten.<br \/>\nIhr Engagement, p\u00fcnktlich und zuverl\u00e4ssig zu Castings, Fotoshootings und Agenturgespr\u00e4chen zu erscheinen, legt den Grundstein f\u00fcr Ihren Erfolg.  <\/p>\n<p>Lassen Sie sich von den riesigen M\u00f6glichkeiten der Modelwelt inspirieren, denn Sie wissen, dass Beharrlichkeit und harte Arbeit Ihre Eintrittskarte zu einer erf\u00fcllten Karriere im Rampenlicht sind.<\/p>\n<div class=\"flex flex-grow flex-col max-w-full\">\n<div class=\"min-h-[20px] text-message flex flex-col items-start gap-3 whitespace-pre-wrap break-words [.text-message+&amp;]:mt-5 overflow-x-auto\" data-message-author-role=\"assistant\" data-message-id=\"cfe736f5-4b3b-4908-bf15-cb47e2778cca\">\n<div class=\"markdown prose w-full break-words dark:prose-invert dark\">\n<p>Auch wenn die Modelbranche einen Weg zu glamour\u00f6sen Zielen und prestigetr\u00e4chtigen Laufstegen bietet, ist es wichtig, diese Reise mit realistischen Erwartungen anzugehen.<br \/>\nNicht jedes aufstrebende Model wird seinen Weg zu den hellen Lichtern von New York oder Paris finden; Erfolg in diesem Bereich ist eine Mischung aus Talent, harter Arbeit und manchmal auch Gl\u00fcck.<br \/>\nKlein anzufangen ist nicht nur eine M\u00f6glichkeit, sondern f\u00fcr die meisten in der Branche ein wahrscheinliches Sprungbrett.  <\/p>\n<p>Der n\u00e4chste Abschnitt befasst sich mit den wesentlichen Voraussetzungen f\u00fcr angehende Models.<br \/>\nDas Verst\u00e4ndnis dieser Voraussetzungen ist der Schl\u00fcssel dazu, sich erreichbare Ziele zu setzen und einen Weg einzuschlagen, der zwar nicht immer zu internationalem Ruhm f\u00fchrt, aber dennoch eine lohnende und erfolgreiche Karriere in der Welt des Modelns bieten kann. <\/p>\n<\/div>\n<\/div>\n<\/div>\n<\/div>\n<\/div>\n<\/div>\n<\/div>\n<\/div>\n<\/div>\n\t\t\t\t\t\t\t\t<\/div>\n\t\t\t\t<\/div>\n\t\t\t\t<div class=\"elementor-element elementor-element-3aaa6eb elementor-widget elementor-widget-text-editor\" data-id=\"3aaa6eb\" data-element_type=\"widget\" data-e-type=\"widget\" data-widget_type=\"text-editor.default\">\n\t\t\t\t<div class=\"elementor-widget-container\">\n\t\t\t\t\t\t\t\t\t<h2>Anforderungen an ein Modell<\/h2>\n<p>Die Modelbranche, die f\u00fcr ihren Glamour und ihre strengen Kriterien bekannt ist, sucht nach Personen, die eine Reihe von Anforderungen erf\u00fcllen.<br \/>\nDiese Anforderungen variieren je nach Nische, z.B. High Fashion oder Commercial Modeling, aber bestimmte Schl\u00fcsselqualifikationen sind allgemein gefragt. <\/p>\n<h3>Alter<\/h3>\n<p>Normalerweise liegt die Altersspanne f\u00fcr den Einstieg in eine Karriere als High Fashion Model zwischen 16 und 22 Jahren.<br \/>\nKommerzielles Modeln bietet mehr Flexibilit\u00e4t und ist f\u00fcr Personen geeignet, die ihre Karriere in ihren 30ern und dar\u00fcber hinaus beginnen. <\/p>\n<h3>Messungen<\/h3>\n<p>Die Modebranche sucht h\u00e4ufig nach Frauen mit einer Brust-Taille-H\u00fcfte-Gr\u00f6\u00dfe von 86-61-86 cm (34-24-34 Zoll) und einer K\u00f6rpergr\u00f6\u00dfe von 173-180 cm (5&#8217;8&#8243; bis 5&#8217;11&#8220;).<br \/>\nVon m\u00e4nnlichen Models erwartet man in der Regel eine Gr\u00f6\u00dfe zwischen 1,80 m und 1,80 m (183-188 cm) und einen wohlproportionierten K\u00f6rperbau.<br \/>\nKommerzielle Models profitieren von einer breiteren Akzeptanz von K\u00f6rpertypen, die eine gr\u00f6\u00dfere Vielfalt an Ma\u00dfen zulassen.  <\/p>\n<h3>K\u00f6rperliche Verfassung<\/h3>\n<p>Die Models sollten in bester k\u00f6rperlicher Verfassung sein und \u00fcber gesunde Haut, Haare und Z\u00e4hne verf\u00fcgen.<br \/>\nDiese Anforderung legt den Schwerpunkt auf Fitness und Wohlbefinden und nicht auf die Einhaltung eines bestimmten K\u00f6rpertyps oder einer bestimmten Gr\u00f6\u00dfe. <\/p>\n<h3>Charaktereigenschaften<\/h3>\n<p>&#8211; <strong>Professionalit\u00e4t<\/strong>: Zu den wesentlichen Eigenschaften geh\u00f6ren P\u00fcnktlichkeit, Zuverl\u00e4ssigkeit und eine engagierte Arbeitsmoral.<br \/>&#8211; <strong>Belastbarkeit<\/strong>: Die F\u00e4higkeit, h\u00e4ufige Ablehnungen zu verkraften und dabei Selbstvertrauen und Motivation zu bewahren, ist entscheidend.<br \/>&#8211; <strong>Anpassungsf\u00e4higkeit<\/strong>: Der Job erfordert oft die Arbeit in unterschiedlichen Umgebungen und die schnelle Anpassung an verschiedene Teams, Stile und Projektanforderungen.<br \/>&#8211; <strong>Kommunikationsf\u00e4higkeiten<\/strong>: Ein effektives Verst\u00e4ndnis und die Umsetzung der Visionen von Designern und Fotografen sind entscheidend.<\/p>\n<h3>Einzigartige Qualit\u00e4ten<\/h3>\n<p>Die unverwechselbaren Merkmale oder die Pers\u00f6nlichkeit eines Models k\u00f6nnen ein bedeutender Vorteil sein, der sie in einem umk\u00e4mpften Markt hervorhebt.<br \/>\nDie Branche legt neben den traditionellen Ma\u00dfst\u00e4ben zunehmend Wert auf Vielfalt und einzigartige Eigenschaften. <\/p>\n<h3>Bildung und Fertigkeiten<\/h3>\n<p>Eine formale Ausbildung ist nicht unbedingt erforderlich, aber ein Hintergrund in den Bereichen Mode, Fotografie und K\u00f6rperpflege sowie F\u00e4higkeiten wie das Beherrschen von High-Heels oder Posing-Techniken k\u00f6nnen die Karriereaussichten eines Models erheblich verbessern.<\/p>\n<p>Der Erfolg im Modelbusiness h\u00e4ngt nicht nur von k\u00f6rperlichen Attributen ab, sondern auch von der Hingabe, der Einstellung und der F\u00e4higkeit, die Herausforderungen der Branche zu meistern.<br \/>\nUm Anerkennung zu erlangen, muss man die k\u00f6rperlichen Anforderungen erf\u00fcllen und sich kontinuierlich pers\u00f6nlich und beruflich weiterentwickeln. <\/p>\n\t\t\t\t\t\t\t\t<\/div>\n\t\t\t\t<\/div>\n\t\t\t\t<div class=\"elementor-element elementor-element-0492d06 elementor-widget elementor-widget-text-editor\" data-id=\"0492d06\" data-element_type=\"widget\" data-e-type=\"widget\" data-widget_type=\"text-editor.default\">\n\t\t\t\t<div class=\"elementor-widget-container\">\n\t\t\t\t\t\t\t\t\t<div class=\"flex flex-grow flex-col max-w-full\">\n<div class=\"min-h-[20px] text-message flex flex-col items-start gap-3 whitespace-pre-wrap break-words [.text-message+&amp;]:mt-5 overflow-x-auto\" data-message-author-role=\"assistant\" data-message-id=\"5f757fd5-717d-4589-bd77-0ef987d9df67\">\n<div class=\"markdown prose w-full break-words dark:prose-invert dark\">\n<h2>Fachbegriffe f\u00fcr Modelle<\/h2>\n<p>In der Welt des Modelns ist es f\u00fcr angehende und professionelle Models gleicherma\u00dfen wichtig, die Fachsprache der Branche zu verstehen.<br \/>\nBevor wir uns mit den &#8222;Fachbegriffen f\u00fcr Models&#8220; besch\u00e4ftigen, ist es wichtig zu verstehen, warum diese Begriffe wichtig sind.<br \/>\nSie erleichtern nicht nur die klare Kommunikation zwischen Models, Agenturen und Kunden, sondern sorgen auch daf\u00fcr, dass alle an einem Projekt Beteiligten auf derselben Seite stehen, von Casting-Aufrufen bis hin zu Fotoshootings.<br \/>\nMit diesem grundlegenden Wissen k\u00f6nnen Models ihre Karriere effektiver gestalten und ihre Professionalit\u00e4t und F\u00e4higkeit zur Zusammenarbeit in der dynamischen und schnelllebigen Modebranche verbessern.   <\/p>\n<\/div>\n<\/div>\n<\/div>\n\t\t\t\t\t\t\t\t<\/div>\n\t\t\t\t<\/div>\n\t\t\t\t<div class=\"elementor-element elementor-element-68152ba elementor-posts--align-center elementor-grid-3 elementor-grid-tablet-2 elementor-grid-mobile-1 elementor-posts--thumbnail-top elementor-widget elementor-widget-posts\" data-id=\"68152ba\" data-element_type=\"widget\" data-e-type=\"widget\" data-settings=\"{&quot;classic_columns&quot;:&quot;3&quot;,&quot;classic_columns_tablet&quot;:&quot;2&quot;,&quot;classic_columns_mobile&quot;:&quot;1&quot;,&quot;classic_row_gap&quot;:{&quot;unit&quot;:&quot;px&quot;,&quot;size&quot;:35,&quot;sizes&quot;:[]},&quot;classic_row_gap_laptop&quot;:{&quot;unit&quot;:&quot;px&quot;,&quot;size&quot;:&quot;&quot;,&quot;sizes&quot;:[]},&quot;classic_row_gap_tablet&quot;:{&quot;unit&quot;:&quot;px&quot;,&quot;size&quot;:&quot;&quot;,&quot;sizes&quot;:[]},&quot;classic_row_gap_mobile&quot;:{&quot;unit&quot;:&quot;px&quot;,&quot;size&quot;:&quot;&quot;,&quot;sizes&quot;:[]}}\" data-widget_type=\"posts.classic\">\n\t\t\t\t<div class=\"elementor-widget-container\">\n\t\t\t\t\t\t\t<div class=\"elementor-posts-container elementor-posts elementor-posts--skin-classic elementor-grid\" role=\"list\">\n\t\t\t\t<article class=\"elementor-post elementor-grid-item post-960 terms-for-models type-terms-for-models status-publish hentry\" role=\"listitem\">\n\t\t\t\t<div class=\"elementor-post__text\">\n\t\t\t\t<h3 class=\"elementor-post__title\">\n\t\t\t<a href=\"https:\/\/venustra-media.com\/de\/terms-for-models\/casting\/\" >\n\t\t\t\tCasting\t\t\t<\/a>\n\t\t<\/h3>\n\t\t\t\t<\/div>\n\t\t\t\t<\/article>\n\t\t\t\t<article class=\"elementor-post elementor-grid-item post-978 terms-for-models type-terms-for-models status-publish hentry\" role=\"listitem\">\n\t\t\t\t<div class=\"elementor-post__text\">\n\t\t\t\t<h3 class=\"elementor-post__title\">\n\t\t\t<a href=\"https:\/\/venustra-media.com\/de\/terms-for-models\/close-up\/\" >\n\t\t\t\tClose-up\t\t\t<\/a>\n\t\t<\/h3>\n\t\t\t\t<\/div>\n\t\t\t\t<\/article>\n\t\t\t\t<article class=\"elementor-post elementor-grid-item post-1057 terms-for-models type-terms-for-models status-publish hentry\" role=\"listitem\">\n\t\t\t\t<div class=\"elementor-post__text\">\n\t\t\t\t<h3 class=\"elementor-post__title\">\n\t\t\t<a href=\"https:\/\/venustra-media.com\/de\/terms-for-models\/designers-showroom\/\" >\n\t\t\t\tDesigners Showroom\t\t\t<\/a>\n\t\t<\/h3>\n\t\t\t\t<\/div>\n\t\t\t\t<\/article>\n\t\t\t\t<article class=\"elementor-post elementor-grid-item post-984 terms-for-models type-terms-for-models status-publish hentry\" role=\"listitem\">\n\t\t\t\t<div class=\"elementor-post__text\">\n\t\t\t\t<h3 class=\"elementor-post__title\">\n\t\t\t<a href=\"https:\/\/venustra-media.com\/de\/terms-for-models\/direct-booking\/\" >\n\t\t\t\tDirect Booking\t\t\t<\/a>\n\t\t<\/h3>\n\t\t\t\t<\/div>\n\t\t\t\t<\/article>\n\t\t\t\t<article class=\"elementor-post elementor-grid-item post-985 terms-for-models type-terms-for-models status-publish hentry\" role=\"listitem\">\n\t\t\t\t<div class=\"elementor-post__text\">\n\t\t\t\t<h3 class=\"elementor-post__title\">\n\t\t\t<a href=\"https:\/\/venustra-media.com\/de\/terms-for-models\/disposition\/\" >\n\t\t\t\tDisposition\t\t\t<\/a>\n\t\t<\/h3>\n\t\t\t\t<\/div>\n\t\t\t\t<\/article>\n\t\t\t\t<article class=\"elementor-post elementor-grid-item post-987 terms-for-models type-terms-for-models status-publish hentry\" role=\"listitem\">\n\t\t\t\t<div class=\"elementor-post__text\">\n\t\t\t\t<h3 class=\"elementor-post__title\">\n\t\t\t<a href=\"https:\/\/venustra-media.com\/de\/terms-for-models\/fee\/\" >\n\t\t\t\tFee\t\t\t<\/a>\n\t\t<\/h3>\n\t\t\t\t<\/div>\n\t\t\t\t<\/article>\n\t\t\t\t<article class=\"elementor-post elementor-grid-item post-986 terms-for-models type-terms-for-models status-publish hentry\" role=\"listitem\">\n\t\t\t\t<div class=\"elementor-post__text\">\n\t\t\t\t<h3 class=\"elementor-post__title\">\n\t\t\t<a href=\"https:\/\/venustra-media.com\/de\/terms-for-models\/go-see\/\" >\n\t\t\t\tGo &#038; see\t\t\t<\/a>\n\t\t<\/h3>\n\t\t\t\t<\/div>\n\t\t\t\t<\/article>\n\t\t\t\t<article class=\"elementor-post elementor-grid-item post-1046 terms-for-models type-terms-for-models status-publish hentry\" role=\"listitem\">\n\t\t\t\t<div class=\"elementor-post__text\">\n\t\t\t\t<h3 class=\"elementor-post__title\">\n\t\t\t<a href=\"https:\/\/venustra-media.com\/de\/terms-for-models\/index\/\" >\n\t\t\t\tIndex\t\t\t<\/a>\n\t\t<\/h3>\n\t\t\t\t<\/div>\n\t\t\t\t<\/article>\n\t\t\t\t<article class=\"elementor-post elementor-grid-item post-988 terms-for-models type-terms-for-models status-publish hentry\" role=\"listitem\">\n\t\t\t\t<div class=\"elementor-post__text\">\n\t\t\t\t<h3 class=\"elementor-post__title\">\n\t\t\t<a href=\"https:\/\/venustra-media.com\/de\/terms-for-models\/introduction-video\/\" >\n\t\t\t\tIntroduction Video\t\t\t<\/a>\n\t\t<\/h3>\n\t\t\t\t<\/div>\n\t\t\t\t<\/article>\n\t\t\t\t<article class=\"elementor-post elementor-grid-item post-1048 terms-for-models type-terms-for-models status-publish hentry\" role=\"listitem\">\n\t\t\t\t<div class=\"elementor-post__text\">\n\t\t\t\t<h3 class=\"elementor-post__title\">\n\t\t\t<a href=\"https:\/\/venustra-media.com\/de\/terms-for-models\/location\/\" >\n\t\t\t\tLocation\t\t\t<\/a>\n\t\t<\/h3>\n\t\t\t\t<\/div>\n\t\t\t\t<\/article>\n\t\t\t\t<article class=\"elementor-post elementor-grid-item post-1049 terms-for-models type-terms-for-models status-publish hentry\" role=\"listitem\">\n\t\t\t\t<div class=\"elementor-post__text\">\n\t\t\t\t<h3 class=\"elementor-post__title\">\n\t\t\t<a href=\"https:\/\/venustra-media.com\/de\/terms-for-models\/look-book\/\" >\n\t\t\t\tLook-Book\t\t\t<\/a>\n\t\t<\/h3>\n\t\t\t\t<\/div>\n\t\t\t\t<\/article>\n\t\t\t\t<article class=\"elementor-post elementor-grid-item post-1052 terms-for-models type-terms-for-models status-publish hentry\" role=\"listitem\">\n\t\t\t\t<div class=\"elementor-post__text\">\n\t\t\t\t<h3 class=\"elementor-post__title\">\n\t\t\t<a href=\"https:\/\/venustra-media.com\/de\/terms-for-models\/model-book-portfolio\/\" >\n\t\t\t\tModel Book \/ Portfolio\t\t\t<\/a>\n\t\t<\/h3>\n\t\t\t\t<\/div>\n\t\t\t\t<\/article>\n\t\t\t\t<article class=\"elementor-post elementor-grid-item post-1055 terms-for-models type-terms-for-models status-publish hentry\" role=\"listitem\">\n\t\t\t\t<div class=\"elementor-post__text\">\n\t\t\t\t<h3 class=\"elementor-post__title\">\n\t\t\t<a href=\"https:\/\/venustra-media.com\/de\/terms-for-models\/model-scouts\/\" >\n\t\t\t\tModel Scouts\t\t\t<\/a>\n\t\t<\/h3>\n\t\t\t\t<\/div>\n\t\t\t\t<\/article>\n\t\t\t\t<article class=\"elementor-post elementor-grid-item post-1050 terms-for-models type-terms-for-models status-publish hentry\" role=\"listitem\">\n\t\t\t\t<div class=\"elementor-post__text\">\n\t\t\t\t<h3 class=\"elementor-post__title\">\n\t\t\t<a href=\"https:\/\/venustra-media.com\/de\/terms-for-models\/new-faces-newcomer\/\" >\n\t\t\t\tNew Faces \/ Newcomer\t\t\t<\/a>\n\t\t<\/h3>\n\t\t\t\t<\/div>\n\t\t\t\t<\/article>\n\t\t\t\t<article class=\"elementor-post elementor-grid-item post-1051 terms-for-models type-terms-for-models status-publish hentry\" role=\"listitem\">\n\t\t\t\t<div class=\"elementor-post__text\">\n\t\t\t\t<h3 class=\"elementor-post__title\">\n\t\t\t<a href=\"https:\/\/venustra-media.com\/de\/terms-for-models\/plus-size-models-curvy-models\/\" >\n\t\t\t\tPlus Size Models, Curvy Models\t\t\t<\/a>\n\t\t<\/h3>\n\t\t\t\t<\/div>\n\t\t\t\t<\/article>\n\t\t\t\t<article class=\"elementor-post elementor-grid-item post-1053 terms-for-models type-terms-for-models status-publish hentry\" role=\"listitem\">\n\t\t\t\t<div class=\"elementor-post__text\">\n\t\t\t\t<h3 class=\"elementor-post__title\">\n\t\t\t<a href=\"https:\/\/venustra-media.com\/de\/terms-for-models\/point-of-sale-pos\/\" >\n\t\t\t\tPoint Of Sale (POS)\t\t\t<\/a>\n\t\t<\/h3>\n\t\t\t\t<\/div>\n\t\t\t\t<\/article>\n\t\t\t\t<article class=\"elementor-post elementor-grid-item post-1054 terms-for-models type-terms-for-models status-publish hentry\" role=\"listitem\">\n\t\t\t\t<div class=\"elementor-post__text\">\n\t\t\t\t<h3 class=\"elementor-post__title\">\n\t\t\t<a href=\"https:\/\/venustra-media.com\/de\/terms-for-models\/post-production-meeting-ppm\/\" >\n\t\t\t\tPost Production Meeting (PPM)\t\t\t<\/a>\n\t\t<\/h3>\n\t\t\t\t<\/div>\n\t\t\t\t<\/article>\n\t\t\t\t<article class=\"elementor-post elementor-grid-item post-1056 terms-for-models type-terms-for-models status-publish hentry\" role=\"listitem\">\n\t\t\t\t<div class=\"elementor-post__text\">\n\t\t\t\t<h3 class=\"elementor-post__title\">\n\t\t\t<a href=\"https:\/\/venustra-media.com\/de\/terms-for-models\/sedcard\/\" >\n\t\t\t\tSedcard\t\t\t<\/a>\n\t\t<\/h3>\n\t\t\t\t<\/div>\n\t\t\t\t<\/article>\n\t\t\t\t<article class=\"elementor-post elementor-grid-item post-1058 terms-for-models type-terms-for-models status-publish hentry\" role=\"listitem\">\n\t\t\t\t<div class=\"elementor-post__text\">\n\t\t\t\t<h3 class=\"elementor-post__title\">\n\t\t\t<a href=\"https:\/\/venustra-media.com\/de\/terms-for-models\/stylist\/\" >\n\t\t\t\tStylist\t\t\t<\/a>\n\t\t<\/h3>\n\t\t\t\t<\/div>\n\t\t\t\t<\/article>\n\t\t\t\t<article class=\"elementor-post elementor-grid-item post-1059 terms-for-models type-terms-for-models status-publish hentry\" role=\"listitem\">\n\t\t\t\t<div class=\"elementor-post__text\">\n\t\t\t\t<h3 class=\"elementor-post__title\">\n\t\t\t<a href=\"https:\/\/venustra-media.com\/de\/terms-for-models\/test-shooting\/\" >\n\t\t\t\tTest Shooting\t\t\t<\/a>\n\t\t<\/h3>\n\t\t\t\t<\/div>\n\t\t\t\t<\/article>\n\t\t\t\t<\/div>\n\t\t\n\t\t\t\t\t\t<\/div>\n\t\t\t\t<\/div>\n\t\t\t\t<div class=\"elementor-element elementor-element-d45f6bb elementor-widget elementor-widget-text-editor\" data-id=\"d45f6bb\" data-element_type=\"widget\" data-e-type=\"widget\" data-widget_type=\"text-editor.default\">\n\t\t\t\t<div class=\"elementor-widget-container\">\n\t\t\t\t\t\t\t\t\t<div class=\"flex-col gap-1 md:gap-3\">\n<div class=\"flex flex-grow flex-col max-w-full\">\n<div class=\"min-h-[20px] text-message flex flex-col items-start gap-3 whitespace-pre-wrap break-words [.text-message+&amp;]:mt-5 overflow-x-auto\" data-message-author-role=\"assistant\" data-message-id=\"93794347-9880-48d6-8b27-d9ac933e2fca\">\n<div class=\"markdown prose w-full break-words dark:prose-invert dark\">\n<h2>Als Modell registrieren<\/h2>\n<p>Wir bei venustra media wissen, dass die Reise eines Models mit einem einzigen Schritt beginnt.<br \/>\nDeshalb freuen wir uns, aufstrebende Talente einzuladen, ihre Karriere bei uns als &#8222;New Face&#8220; zu beginnen.<br \/>\nDiese Gelegenheit ist perfekt f\u00fcr diejenigen, die bereit sind, ihre Zehen in die Welt des Modelns zu stecken und ihr Potenzial zu entdecken.  <\/p>\n<p>Um sich auf diese aufregende Reise zu begeben, m\u00fcssen Sie sich zun\u00e4chst als Model auf unserer Plattform registrieren.<br \/>\nDas Ausf\u00fcllen Ihres Profils ist von entscheidender Bedeutung. Es ist Ihre Chance, Ihre einzigartigen Qualit\u00e4ten, Ma\u00dfe und W\u00fcnsche zu pr\u00e4sentieren.<br \/>\nDiese Informationen bilden die Grundlage f\u00fcr Ihr Model-Portfolio und erm\u00f6glichen es uns, Sie mit den richtigen Angeboten zusammenzubringen.  <\/p>\n<p>Nach der Anmeldung laden wir Sie zu einem Probeshooting ein.<br \/>\nDieses erste Fotoshooting ist eine unsch\u00e4tzbare Erfahrung, da es Ihnen einen Einblick in die Welt des Modelns bietet und Ihnen professionelle Aufnahmen liefert, die Ihre Vielseitigkeit und St\u00e4rken hervorheben. <\/p>\n<p>Wenn Sie als &#8222;New Face&#8220; anfangen, bedeutet das zwar, dass Sie in kleinerem Rahmen anfangen, aber es er\u00f6ffnet Ihnen unz\u00e4hlige M\u00f6glichkeiten.<br \/>\nMit Engagement und dem richtigen Engagement k\u00f6nnen sich zuk\u00fcnftige Jobchancen ergeben, die Ihre Karriere in aufregende neue Richtungen lenken k\u00f6nnen.<br \/>\nWir bei venustra media setzen uns daf\u00fcr ein, neue Talente zu f\u00f6rdern und eine Plattform f\u00fcr Wachstum und Entdeckungen in der Modelbranche zu bieten.  <\/p>\n<\/div>\n<\/div>\n<\/div>\n<\/div>\n\t\t\t\t\t\t\t\t<\/div>\n\t\t\t\t<\/div>\n\t\t\t\t<div class=\"elementor-element elementor-element-f8596ad elementor-align-center elementor-widget elementor-widget-button\" data-id=\"f8596ad\" data-element_type=\"widget\" data-e-type=\"widget\" data-widget_type=\"button.default\">\n\t\t\t\t<div class=\"elementor-widget-container\">\n\t\t\t\t\t\t\t\t\t<div class=\"elementor-button-wrapper\">\n\t\t\t\t\t<a class=\"elementor-button elementor-button-link elementor-size-xl\" href=\"https:\/\/venustra-media.com\/model-registration\/\">\n\t\t\t\t\t\t<span class=\"elementor-button-content-wrapper\">\n\t\t\t\t\t\t\t\t\t<span class=\"elementor-button-text\">Als Modell registrieren<\/span>\n\t\t\t\t\t<\/span>\n\t\t\t\t\t<\/a>\n\t\t\t\t<\/div>\n\t\t\t\t\t\t\t\t<\/div>\n\t\t\t\t<\/div>\n\t\t\t\t\t<\/div>\n\t\t\t\t<\/div>\n\t\t<div class=\"elementor-element elementor-element-50ea2de e-flex e-con-boxed e-con e-parent\" data-id=\"50ea2de\" data-element_type=\"container\" data-e-type=\"container\">\n\t\t\t\t\t<div class=\"e-con-inner\">\n\t\t\t\t<div class=\"elementor-element elementor-element-fd5c52b elementor-widget elementor-widget-heading\" data-id=\"fd5c52b\" data-element_type=\"widget\" data-e-type=\"widget\" data-widget_type=\"heading.default\">\n\t\t\t\t<div class=\"elementor-widget-container\">\n\t\t\t\t\t<h2 class=\"elementor-heading-title elementor-size-default\">Haben Sie noch Fragen?<\/h2>\t\t\t\t<\/div>\n\t\t\t\t<\/div>\n\t\t\t\t<div class=\"elementor-element elementor-element-86a90f5 elementor-widget elementor-widget-text-editor\" data-id=\"86a90f5\" data-element_type=\"widget\" data-e-type=\"widget\" data-widget_type=\"text-editor.default\">\n\t\t\t\t<div class=\"elementor-widget-container\">\n\t\t\t\t\t\t\t\t\t<p>Wir helfen Ihnen gerne bei Ihren Fragen.<br \/>\nKontaktieren Sie uns einfach \u00fcber unsere Kontaktseite oder direkt \u00fcber WhatsApp. <\/p>\n\t\t\t\t\t\t\t\t<\/div>\n\t\t\t\t<\/div>\n\t\t\t\t<div class=\"elementor-element elementor-element-04bd68d elementor-widget elementor-widget-custom-whatsapp-chat-widget-from-jetengine-option\" data-id=\"04bd68d\" data-element_type=\"widget\" data-e-type=\"widget\" data-widget_type=\"custom-whatsapp-chat-widget-from-jetengine-option.default\">\n\t\t\t\t<div class=\"elementor-widget-container\">\n\t\t\t\t\t<a aria-label=\"\u00dcber WhatsApp schreiben\" href=\"https:\/\/wa.me\/905316391648\" class=\"whatsapp-me-button\" target=\"_blank\" style=\"display:inline-block; height:48px;\" rel=\"noopener\"><img src='https:\/\/venustra-media.com\/wp-content\/themes\/venustramedia\/assets\/img\/WhatsAppButtonGreenLarge.png' alt='\u00dcber WhatsApp schreiben' style='height:100%;'><\/a>\t\t\t\t<\/div>\n\t\t\t\t<\/div>\n\t\t\t\t\t<\/div>\n\t\t\t\t<\/div>\n\t\t\t\t<\/div>\n\t\t","protected":false},"excerpt":{"rendered":"<p>Werden Sie ein Model Der Beginn einer Modelkarriere ist eine Reise voller Hingabe, Disziplin und Talent. Von lokalen Werbekampagnen bis hin zu den glamour\u00f6sen Laufstegen<\/p>\n","protected":false},"author":1,"featured_media":0,"parent":0,"menu_order":0,"comment_status":"closed","ping_status":"closed","template":"","meta":{"footnotes":""},"class_list":["post-2218","page","type-page","status-publish","hentry"],"_links":{"self":[{"href":"https:\/\/venustra-media.com\/de\/wp-json\/wp\/v2\/pages\/2218","targetHints":{"allow":["GET"]}}],"collection":[{"href":"https:\/\/venustra-media.com\/de\/wp-json\/wp\/v2\/pages"}],"about":[{"href":"https:\/\/venustra-media.com\/de\/wp-json\/wp\/v2\/types\/page"}],"author":[{"embeddable":true,"href":"https:\/\/venustra-media.com\/de\/wp-json\/wp\/v2\/users\/1"}],"replies":[{"embeddable":true,"href":"https:\/\/venustra-media.com\/de\/wp-json\/wp\/v2\/comments?post=2218"}],"version-history":[{"count":1,"href":"https:\/\/venustra-media.com\/de\/wp-json\/wp\/v2\/pages\/2218\/revisions"}],"predecessor-version":[{"id":2222,"href":"https:\/\/venustra-media.com\/de\/wp-json\/wp\/v2\/pages\/2218\/revisions\/2222"}],"wp:attachment":[{"href":"https:\/\/venustra-media.com\/de\/wp-json\/wp\/v2\/media?parent=2218"}],"curies":[{"name":"wp","href":"https:\/\/api.w.org\/{rel}","templated":true}]}}